{"id":220,"date":"2023-12-08T14:35:23","date_gmt":"2023-12-08T14:35:23","guid":{"rendered":"https:\/\/infinideal.ro\/expertiza\/instruieste-ti-echipele\/"},"modified":"2024-03-21T13:57:58","modified_gmt":"2024-03-21T13:57:58","slug":"instruieste-ti-echipele","status":"publish","type":"page","link":"https:\/\/infinideal.ro\/ro\/servicii\/instruieste-ti-echipele\/","title":{"rendered":"Instruie\u015fte-\u021bi echipele"},"content":{"rendered":"[vc_row type=&#8221;in_container&#8221; full_screen_row_position=&#8221;middle&#8221; column_margin=&#8221;default&#8221; column_direction=&#8221;default&#8221; column_direction_tablet=&#8221;default&#8221; column_direction_phone=&#8221;default&#8221; scene_position=&#8221;center&#8221; text_color=&#8221;dark&#8221; text_align=&#8221;left&#8221; row_border_radius=&#8221;none&#8221; row_border_radius_applies=&#8221;bg&#8221; overflow=&#8221;visible&#8221; class=&#8221;list-colored&#8221; overlay_strength=&#8221;0.3&#8243; gradient_direction=&#8221;left_to_right&#8221; shape_divider_position=&#8221;bottom&#8221; bg_image_animation=&#8221;none&#8221; gradient_type=&#8221;default&#8221; shape_type=&#8221;&#8221;][vc_column column_padding=&#8221;no-extra-padding&#8221; column_padding_tablet=&#8221;inherit&#8221; column_padding_phone=&#8221;inherit&#8221; column_padding_position=&#8221;all&#8221; column_element_direction_desktop=&#8221;default&#8221; column_element_spacing=&#8221;default&#8221; desktop_text_alignment=&#8221;default&#8221; tablet_text_alignment=&#8221;default&#8221; phone_text_alignment=&#8221;default&#8221; background_color_opacity=&#8221;1&#8243; background_hover_color_opacity=&#8221;1&#8243; column_backdrop_filter=&#8221;none&#8221; column_shadow=&#8221;none&#8221; column_border_radius=&#8221;none&#8221; column_link_target=&#8221;_self&#8221; column_position=&#8221;default&#8221; gradient_direction=&#8221;left_to_right&#8221; overlay_strength=&#8221;0.3&#8243; width=&#8221;1\/2&#8243; tablet_width_inherit=&#8221;default&#8221; animation_type=&#8221;default&#8221; bg_image_animation=&#8221;none&#8221; border_type=&#8221;simple&#8221; column_border_width=&#8221;none&#8221; column_border_style=&#8221;solid&#8221;][vc_column_text]<span><span><a href=\"https:\/\/infinideal.ro\/ro\/infinideal\/\">Home<\/a><\/span><\/span>[\/vc_column_text][nectar_highlighted_text color_type=&#8221;regular&#8221; highlight_color=&#8221;#004643&#8243; text_color=&#8221;#ffffff&#8221; style=&#8221;full_text&#8221; highlight_expansion=&#8221;default&#8221;]\n<h1><i>\u00ceNV\u0102\u021aARE \u0218I DEZVOLTARE<\/i><\/h1>\n[\/nectar_highlighted_text][vc_column_text]<strong>Va preg\u0103tim trupele \u0219i v\u0103 dezvolt\u0103m echipa ideal\u0103 pentru afacerea dumneavoastr\u0103<\/strong>[\/vc_column_text][divider line_type=&#8221;No Line&#8221; custom_height=&#8221;30&#8243;]<div class=\"nectar-fancy-ul\" data-list-icon=\"icon-salient-thin-line\" data-animation=\"false\" data-animation-delay=\"0\" data-color=\"accent-color\" data-spacing=\"default\" data-alignment=\"left\"> Investe\u0219te \u00een dezvoltarea talentelor din cadrul firmei tale prin traininguri eficiente.<br \/>\nPreg\u0103ti\u021bi viitorul prin construirea unei echipe mai puternice \u0219i inspirate, cu con\u021binut relevant \u0219i abordare adecvat\u0103:<\/p>\n<ul>\n<li>Arta negocierii<\/li>\n<li>MBTI<\/li>\n<li>Training echip\u0103 de v\u00e2nz\u0103ri de teren<\/li>\n<li>Abilit\u0103\u021bi de comunicare \u015fi prezentare<\/li>\n<\/ul>\n <\/div>[divider line_type=&#8221;No Line&#8221; custom_height=&#8221;30&#8243;][image_with_animation image_url=&#8221;64&#8243; image_size=&#8221;full&#8221; animation_type=&#8221;entrance&#8221; animation=&#8221;None&#8221; animation_movement_type=&#8221;transform_y&#8221; hover_animation=&#8221;none&#8221; alignment=&#8221;&#8221; border_radius=&#8221;none&#8221; box_shadow=&#8221;none&#8221; image_loading=&#8221;default&#8221; max_width=&#8221;100%&#8221; max_width_mobile=&#8221;default&#8221;][\/vc_column][vc_column column_padding=&#8221;padding-3-percent&#8221; column_padding_tablet=&#8221;inherit&#8221; column_padding_phone=&#8221;inherit&#8221; column_padding_position=&#8221;all&#8221; column_element_direction_desktop=&#8221;default&#8221; column_element_spacing=&#8221;default&#8221; desktop_text_alignment=&#8221;default&#8221; tablet_text_alignment=&#8221;default&#8221; phone_text_alignment=&#8221;default&#8221; background_color=&#8221;#004643&#8243; background_color_opacity=&#8221;1&#8243; background_hover_color_opacity=&#8221;1&#8243; column_backdrop_filter=&#8221;none&#8221; font_color=&#8221;#ffffff&#8221; column_shadow=&#8221;none&#8221; column_border_radius=&#8221;none&#8221; column_link_target=&#8221;_self&#8221; column_position=&#8221;default&#8221; gradient_direction=&#8221;left_to_right&#8221; overlay_strength=&#8221;0.3&#8243; width=&#8221;1\/2&#8243; tablet_width_inherit=&#8221;default&#8221; animation_type=&#8221;default&#8221; bg_image_animation=&#8221;none&#8221; border_type=&#8221;simple&#8221; column_border_width=&#8221;none&#8221; column_border_style=&#8221;solid&#8221; column_padding_type=&#8221;default&#8221; gradient_type=&#8221;default&#8221;][nectar_highlighted_text color_type=&#8221;regular&#8221; highlight_color=&#8221;#ffffff&#8221; text_color=&#8221;#004643&#8243; style=&#8221;full_text&#8221; highlight_expansion=&#8221;default&#8221;]\n<h2><i>Ruta de urmat:<\/i><\/h2>\n[\/nectar_highlighted_text][nectar_icon_list color=&#8221;default&#8221; direction=&#8221;vertical&#8221; icon_size=&#8221;medium&#8221; icon_style=&#8221;border&#8221;][nectar_icon_list_item icon_type=&#8221;numerical&#8221; text_full_html=&#8221;simple&#8221; title=&#8221;List Item&#8221; id=&#8221;1705490977670-2&#8243; tab_id=&#8221;1705490977670-0&#8243; header=&#8221;\u00cent\u00e2lnirea&#8221; text=&#8221;Ne ghida\u021bi prin nevoile dumneavoastr\u0103 specifice&#8221;]\n<h3>Te \u00eent\u00e2lnim<\/h3>\n[\/nectar_icon_list_item][nectar_icon_list_item icon_type=&#8221;numerical&#8221; text_full_html=&#8221;simple&#8221; title=&#8221;List Item&#8221; id=&#8221;1705490977680-8&#8243; tab_id=&#8221;1705490977681-7&#8243; header=&#8221;\u00ce\u021bi \u00eent\u00e2lnim echipa&#8221; text=&#8221;Avem acces la echipele de HR &amp; L&amp;D \u0219i stabilim \u00eempreun\u0103 o cale de urmat&#8221;]\n<h3>Te ascult\u0103m<\/h3>\n[\/nectar_icon_list_item][nectar_icon_list_item icon_type=&#8221;numerical&#8221; text_full_html=&#8221;simple&#8221; title=&#8221;List Item&#8221; id=&#8221;1705490977683-0&#8243; tab_id=&#8221;1705490977683-5&#8243; header=&#8221;Preg\u0103tim terenul&#8221; text=&#8221;Adun\u0103m piesele \u0219i construim cea mai bun\u0103 formul\u0103 de training pentru echipele tale&#8221;]\n<h3>Construim solu\u021bii<\/h3>\n[\/nectar_icon_list_item][nectar_icon_list_item icon_type=&#8221;numerical&#8221; text_full_html=&#8221;simple&#8221; title=&#8221;List Item&#8221; id=&#8221;1705490977687-4&#8243; tab_id=&#8221;1705490977687-2&#8243; header=&#8221;Propunere&#8221; text=&#8221;V\u0103 oferim o propunere final\u0103 pentru a fi discutat\u0103 \u0219i validat\u0103 cu dumneavoastr\u0103&#8221;]\n<h3>Livr\u0103m<\/h3>\n[\/nectar_icon_list_item][nectar_icon_list_item icon_type=&#8221;numerical&#8221; text_full_html=&#8221;simple&#8221; title=&#8221;List Item&#8221; id=&#8221;1705490977690-3&#8243; tab_id=&#8221;1705490977690-2&#8243; header=&#8221;Implement\u0103m planurile&#8221; text=&#8221;\u00cencepem sesiunile de antrenament conform planului convenit&#8221;]\n<h3>Livr\u0103m<\/h3>\n[\/nectar_icon_list_item][nectar_icon_list_item icon_type=&#8221;numerical&#8221; text_full_html=&#8221;simple&#8221; title=&#8221;List Item&#8221; id=&#8221;1705490977693-8&#8243; tab_id=&#8221;1705490977693-0&#8243; header=&#8221;Livr\u0103m&#8221; text=&#8221;Dup\u0103 pu\u021bin timp, rezultatele vor \u00eencepe s\u0103 apar\u0103&#8221;]\n<h3>Livr\u0103m<\/h3>\n[\/nectar_icon_list_item][\/nectar_icon_list][nectar_btn size=&#8221;medium&#8221; button_style=&#8221;regular&#8221; button_color_2=&#8221;Accent-Color&#8221; color_override=&#8221;#ffffff&#8221; solid_text_color_override=&#8221;#004643&#8243; icon_family=&#8221;none&#8221; text=&#8221;Gata s\u0103 \u00eencepem?&#8221; url=&#8221;\/contact\/&#8221;][\/vc_column][\/vc_row]\n","protected":false},"excerpt":{"rendered":"<p>[vc_row type=&#8221;in_container&#8221; full_screen_row_position=&#8221;middle&#8221; column_margin=&#8221;default&#8221; column_direction=&#8221;default&#8221; column_direction_tablet=&#8221;default&#8221; column_direction_phone=&#8221;default&#8221; scene_position=&#8221;center&#8221; text_color=&#8221;dark&#8221; text_align=&#8221;left&#8221; row_border_radius=&#8221;none&#8221; row_border_radius_applies=&#8221;bg&#8221; overflow=&#8221;visible&#8221; class=&#8221;list-colored&#8221; overlay_strength=&#8221;0.3&#8243; gradient_direction=&#8221;left_to_right&#8221; shape_divider_position=&#8221;bottom&#8221; bg_image_animation=&#8221;none&#8221; gradient_type=&#8221;default&#8221; shape_type=&#8221;&#8221;][vc_column column_padding=&#8221;no-extra-padding&#8221; column_padding_tablet=&#8221;inherit&#8221; column_padding_phone=&#8221;inherit&#8221; column_padding_position=&#8221;all&#8221; column_element_direction_desktop=&#8221;default&#8221; column_element_spacing=&#8221;default&#8221; desktop_text_alignment=&#8221;default&#8221; tablet_text_alignment=&#8221;default&#8221; phone_text_alignment=&#8221;default&#8221; background_color_opacity=&#8221;1&#8243;&#8230;<\/p>\n","protected":false},"author":1,"featured_media":179,"parent":211,"menu_order":0,"comment_status":"closed","ping_status":"closed","template":"","meta":{"footnotes":""},"class_list":["post-220","page","type-page","status-publish","has-post-thumbnail"],"yoast_head":"<!-- This site is optimized with the Yoast SEO plugin v22.8 - https:\/\/yoast.com\/wordpress\/plugins\/seo\/ -->\n<title>Instruie\u015fte-\u021bi echipele &#187; Infinideal<\/title>\n<meta name=\"robots\" content=\"index, follow, max-snippet:-1, max-image-preview:large, max-video-preview:-1\" \/>\n<link rel=\"canonical\" href=\"https:\/\/infinideal.ro\/ro\/servicii\/instruieste-ti-echipele\/\" \/>\n<meta property=\"og:locale\" content=\"ro_RO\" \/>\n<meta property=\"og:type\" content=\"article\" \/>\n<meta property=\"og:title\" content=\"Instruie\u015fte-\u021bi echipele &#187; Infinideal\" \/>\n<meta property=\"og:description\" content=\"[vc_row type=&#8221;in_container&#8221; full_screen_row_position=&#8221;middle&#8221; column_margin=&#8221;default&#8221; column_direction=&#8221;default&#8221; column_direction_tablet=&#8221;default&#8221; column_direction_phone=&#8221;default&#8221; scene_position=&#8221;center&#8221; text_color=&#8221;dark&#8221; text_align=&#8221;left&#8221; row_border_radius=&#8221;none&#8221; row_border_radius_applies=&#8221;bg&#8221; overflow=&#8221;visible&#8221; class=&#8221;list-colored&#8221; overlay_strength=&#8221;0.3&#8243; gradient_direction=&#8221;left_to_right&#8221; shape_divider_position=&#8221;bottom&#8221; bg_image_animation=&#8221;none&#8221; gradient_type=&#8221;default&#8221; shape_type=&#8221;&#8221;][vc_column column_padding=&#8221;no-extra-padding&#8221; column_padding_tablet=&#8221;inherit&#8221; column_padding_phone=&#8221;inherit&#8221; column_padding_position=&#8221;all&#8221; column_element_direction_desktop=&#8221;default&#8221; column_element_spacing=&#8221;default&#8221; desktop_text_alignment=&#8221;default&#8221; tablet_text_alignment=&#8221;default&#8221; phone_text_alignment=&#8221;default&#8221; background_color_opacity=&#8221;1&#8243;...\" \/>\n<meta property=\"og:url\" content=\"https:\/\/infinideal.ro\/ro\/servicii\/instruieste-ti-echipele\/\" \/>\n<meta property=\"og:site_name\" content=\"Infinideal\" \/>\n<meta property=\"article:modified_time\" content=\"2024-03-21T13:57:58+00:00\" \/>\n<meta property=\"og:image\" content=\"https:\/\/infinideal.ro\/wp-content\/uploads\/2024\/01\/6.jpg\" \/>\n\t<meta property=\"og:image:width\" content=\"1000\" \/>\n\t<meta property=\"og:image:height\" content=\"667\" \/>\n\t<meta property=\"og:image:type\" content=\"image\/jpeg\" \/>\n<script type=\"application\/ld+json\" class=\"yoast-schema-graph\">{\"@context\":\"https:\/\/schema.org\",\"@graph\":[{\"@type\":\"WebPage\",\"@id\":\"https:\/\/infinideal.ro\/ro\/servicii\/instruieste-ti-echipele\/\",\"url\":\"https:\/\/infinideal.ro\/ro\/servicii\/instruieste-ti-echipele\/\",\"name\":\"Instruie\u015fte-\u021bi echipele &#187; Infinideal\",\"isPartOf\":{\"@id\":\"https:\/\/infinideal.ro\/#website\"},\"primaryImageOfPage\":{\"@id\":\"https:\/\/infinideal.ro\/ro\/servicii\/instruieste-ti-echipele\/#primaryimage\"},\"image\":{\"@id\":\"https:\/\/infinideal.ro\/ro\/servicii\/instruieste-ti-echipele\/#primaryimage\"},\"thumbnailUrl\":\"https:\/\/infinideal.ro\/wp-content\/uploads\/2024\/01\/6.jpg\",\"datePublished\":\"2023-12-08T14:35:23+00:00\",\"dateModified\":\"2024-03-21T13:57:58+00:00\",\"breadcrumb\":{\"@id\":\"https:\/\/infinideal.ro\/ro\/servicii\/instruieste-ti-echipele\/#breadcrumb\"},\"inLanguage\":\"ro-RO\",\"potentialAction\":[{\"@type\":\"ReadAction\",\"target\":[\"https:\/\/infinideal.ro\/ro\/servicii\/instruieste-ti-echipele\/\"]}]},{\"@type\":\"ImageObject\",\"inLanguage\":\"ro-RO\",\"@id\":\"https:\/\/infinideal.ro\/ro\/servicii\/instruieste-ti-echipele\/#primaryimage\",\"url\":\"https:\/\/infinideal.ro\/wp-content\/uploads\/2024\/01\/6.jpg\",\"contentUrl\":\"https:\/\/infinideal.ro\/wp-content\/uploads\/2024\/01\/6.jpg\",\"width\":1000,\"height\":667},{\"@type\":\"BreadcrumbList\",\"@id\":\"https:\/\/infinideal.ro\/ro\/servicii\/instruieste-ti-echipele\/#breadcrumb\",\"itemListElement\":[{\"@type\":\"ListItem\",\"position\":1,\"name\":\"Home\",\"item\":\"https:\/\/infinideal.ro\/ro\/infinideal\/\"},{\"@type\":\"ListItem\",\"position\":2,\"name\":\"Servicii\",\"item\":\"https:\/\/infinideal.ro\/ro\/servicii\/\"},{\"@type\":\"ListItem\",\"position\":3,\"name\":\"Instruie\u015fte-\u021bi echipele\"}]},{\"@type\":\"WebSite\",\"@id\":\"https:\/\/infinideal.ro\/#website\",\"url\":\"https:\/\/infinideal.ro\/\",\"name\":\"Infinideal\",\"description\":\"YOU NEED VALUE. WE DELIVER.\",\"potentialAction\":[{\"@type\":\"SearchAction\",\"target\":{\"@type\":\"EntryPoint\",\"urlTemplate\":\"https:\/\/infinideal.ro\/?s={search_term_string}\"},\"query-input\":\"required name=search_term_string\"}],\"inLanguage\":\"ro-RO\"}]}<\/script>\n<!-- \/ Yoast SEO plugin. -->","yoast_head_json":{"title":"Instruie\u015fte-\u021bi echipele &#187; Infinideal","robots":{"index":"index","follow":"follow","max-snippet":"max-snippet:-1","max-image-preview":"max-image-preview:large","max-video-preview":"max-video-preview:-1"},"canonical":"https:\/\/infinideal.ro\/ro\/servicii\/instruieste-ti-echipele\/","og_locale":"ro_RO","og_type":"article","og_title":"Instruie\u015fte-\u021bi echipele &#187; Infinideal","og_description":"[vc_row type=&#8221;in_container&#8221; full_screen_row_position=&#8221;middle&#8221; column_margin=&#8221;default&#8221; column_direction=&#8221;default&#8221; column_direction_tablet=&#8221;default&#8221; column_direction_phone=&#8221;default&#8221; scene_position=&#8221;center&#8221; text_color=&#8221;dark&#8221; text_align=&#8221;left&#8221; row_border_radius=&#8221;none&#8221; row_border_radius_applies=&#8221;bg&#8221; overflow=&#8221;visible&#8221; class=&#8221;list-colored&#8221; overlay_strength=&#8221;0.3&#8243; gradient_direction=&#8221;left_to_right&#8221; shape_divider_position=&#8221;bottom&#8221; bg_image_animation=&#8221;none&#8221; gradient_type=&#8221;default&#8221; shape_type=&#8221;&#8221;][vc_column column_padding=&#8221;no-extra-padding&#8221; column_padding_tablet=&#8221;inherit&#8221; column_padding_phone=&#8221;inherit&#8221; column_padding_position=&#8221;all&#8221; column_element_direction_desktop=&#8221;default&#8221; column_element_spacing=&#8221;default&#8221; desktop_text_alignment=&#8221;default&#8221; tablet_text_alignment=&#8221;default&#8221; phone_text_alignment=&#8221;default&#8221; background_color_opacity=&#8221;1&#8243;...","og_url":"https:\/\/infinideal.ro\/ro\/servicii\/instruieste-ti-echipele\/","og_site_name":"Infinideal","article_modified_time":"2024-03-21T13:57:58+00:00","og_image":[{"width":1000,"height":667,"url":"https:\/\/infinideal.ro\/wp-content\/uploads\/2024\/01\/6.jpg","type":"image\/jpeg"}],"schema":{"@context":"https:\/\/schema.org","@graph":[{"@type":"WebPage","@id":"https:\/\/infinideal.ro\/ro\/servicii\/instruieste-ti-echipele\/","url":"https:\/\/infinideal.ro\/ro\/servicii\/instruieste-ti-echipele\/","name":"Instruie\u015fte-\u021bi echipele &#187; Infinideal","isPartOf":{"@id":"https:\/\/infinideal.ro\/#website"},"primaryImageOfPage":{"@id":"https:\/\/infinideal.ro\/ro\/servicii\/instruieste-ti-echipele\/#primaryimage"},"image":{"@id":"https:\/\/infinideal.ro\/ro\/servicii\/instruieste-ti-echipele\/#primaryimage"},"thumbnailUrl":"https:\/\/infinideal.ro\/wp-content\/uploads\/2024\/01\/6.jpg","datePublished":"2023-12-08T14:35:23+00:00","dateModified":"2024-03-21T13:57:58+00:00","breadcrumb":{"@id":"https:\/\/infinideal.ro\/ro\/servicii\/instruieste-ti-echipele\/#breadcrumb"},"inLanguage":"ro-RO","potentialAction":[{"@type":"ReadAction","target":["https:\/\/infinideal.ro\/ro\/servicii\/instruieste-ti-echipele\/"]}]},{"@type":"ImageObject","inLanguage":"ro-RO","@id":"https:\/\/infinideal.ro\/ro\/servicii\/instruieste-ti-echipele\/#primaryimage","url":"https:\/\/infinideal.ro\/wp-content\/uploads\/2024\/01\/6.jpg","contentUrl":"https:\/\/infinideal.ro\/wp-content\/uploads\/2024\/01\/6.jpg","width":1000,"height":667},{"@type":"BreadcrumbList","@id":"https:\/\/infinideal.ro\/ro\/servicii\/instruieste-ti-echipele\/#breadcrumb","itemListElement":[{"@type":"ListItem","position":1,"name":"Home","item":"https:\/\/infinideal.ro\/ro\/infinideal\/"},{"@type":"ListItem","position":2,"name":"Servicii","item":"https:\/\/infinideal.ro\/ro\/servicii\/"},{"@type":"ListItem","position":3,"name":"Instruie\u015fte-\u021bi echipele"}]},{"@type":"WebSite","@id":"https:\/\/infinideal.ro\/#website","url":"https:\/\/infinideal.ro\/","name":"Infinideal","description":"YOU NEED VALUE. WE DELIVER.","potentialAction":[{"@type":"SearchAction","target":{"@type":"EntryPoint","urlTemplate":"https:\/\/infinideal.ro\/?s={search_term_string}"},"query-input":"required name=search_term_string"}],"inLanguage":"ro-RO"}]}},"_links":{"self":[{"href":"https:\/\/infinideal.ro\/ro\/wp-json\/wp\/v2\/pages\/220","targetHints":{"allow":["GET"]}}],"collection":[{"href":"https:\/\/infinideal.ro\/ro\/wp-json\/wp\/v2\/pages"}],"about":[{"href":"https:\/\/infinideal.ro\/ro\/wp-json\/wp\/v2\/types\/page"}],"author":[{"embeddable":true,"href":"https:\/\/infinideal.ro\/ro\/wp-json\/wp\/v2\/users\/1"}],"replies":[{"embeddable":true,"href":"https:\/\/infinideal.ro\/ro\/wp-json\/wp\/v2\/comments?post=220"}],"version-history":[{"count":5,"href":"https:\/\/infinideal.ro\/ro\/wp-json\/wp\/v2\/pages\/220\/revisions"}],"predecessor-version":[{"id":352,"href":"https:\/\/infinideal.ro\/ro\/wp-json\/wp\/v2\/pages\/220\/revisions\/352"}],"up":[{"embeddable":true,"href":"https:\/\/infinideal.ro\/ro\/wp-json\/wp\/v2\/pages\/211"}],"wp:featuredmedia":[{"embeddable":true,"href":"https:\/\/infinideal.ro\/ro\/wp-json\/wp\/v2\/media\/179"}],"wp:attachment":[{"href":"https:\/\/infinideal.ro\/ro\/wp-json\/wp\/v2\/media?parent=220"}],"curies":[{"name":"wp","href":"https:\/\/api.w.org\/{rel}","templated":true}]}}